{"id":3,"date":"2026-01-12T12:00:43","date_gmt":"2026-01-12T12:00:43","guid":{"rendered":"https:\/\/sunriselaw-beta.uptooto.tech\/?page_id=3"},"modified":"2026-01-20T06:11:43","modified_gmt":"2026-01-20T06:11:43","slug":"privacy-policy-2","status":"publish","type":"page","link":"https:\/\/sunriselaws.com\/es\/privacy-policy-2\/","title":{"rendered":"Pol\u00edtica de privacidad"},"content":{"rendered":"<div data-elementor-type=\"wp-page\" data-elementor-id=\"3\" class=\"elementor elementor-3\" data-elementor-post-type=\"page\">\n\t\t\t\t<div class=\"elementor-element elementor-element-1c1dce9 e-flex e-con-boxed e-con e-parent\" data-id=\"1c1dce9\" data-element_type=\"container\" data-e-type=\"container\" data-settings=\"{&quot;background_background&quot;:&quot;classic&quot;}\">\n\t\t\t\t\t<div class=\"e-con-inner\">\n\t\t<div class=\"elementor-element elementor-element-a9a37ee e-flex e-con-boxed e-con e-child\" data-id=\"a9a37ee\" data-element_type=\"container\" data-e-type=\"container\">\n\t\t\t\t\t<div class=\"e-con-inner\">\n\t\t\t\t<div class=\"elementor-element elementor-element-e53b55e elementor-invisible elementor-widget elementor-widget-heading\" data-id=\"e53b55e\" data-element_type=\"widget\" data-e-type=\"widget\" data-settings=\"{&quot;_animation&quot;:&quot;fadeInLeft&quot;}\" data-widget_type=\"heading.default\">\n\t\t\t\t\t<h2 class=\"elementor-heading-title elementor-size-default\">Pol\u00edtica de privacidad<\/h2>\t\t\t\t<\/div>\n\t\t\t\t\t<\/div>\n\t\t\t\t<\/div>\n\t\t\t\t\t<\/div>\n\t\t\t\t<\/div>\n\t\t<div class=\"elementor-element elementor-element-1bdf356 e-flex e-con-boxed e-con e-parent\" data-id=\"1bdf356\" data-element_type=\"container\" data-e-type=\"container\">\n\t\t\t\t\t<div class=\"e-con-inner\">\n\t\t<div class=\"elementor-element elementor-element-e1cce2c e-flex e-con-boxed e-con e-child\" data-id=\"e1cce2c\" data-element_type=\"container\" data-e-type=\"container\">\n\t\t\t\t\t<div class=\"e-con-inner\">\n\t\t\t\t<div class=\"elementor-element elementor-element-01c9eff elementor-widget elementor-widget-heading\" data-id=\"01c9eff\" data-element_type=\"widget\" data-e-type=\"widget\" data-widget_type=\"heading.default\">\n\t\t\t\t\t<h2 class=\"elementor-heading-title elementor-size-default\">1. Informaci\u00f3n que recopilamos<\/h2>\t\t\t\t<\/div>\n\t\t\t\t<div class=\"elementor-element elementor-element-92dd0ee elementor-widget elementor-widget-heading\" data-id=\"92dd0ee\" data-element_type=\"widget\" data-e-type=\"widget\" data-widget_type=\"heading.default\">\n\t\t\t\t\t<h2 class=\"elementor-heading-title elementor-size-default\">Recopilamos la informaci\u00f3n personal que nos proporciona durante el registro, el proceso de pago o las consultas al servicio de atenci\u00f3n al cliente, incluyendo su nombre, n\u00famero de tel\u00e9fono, correo electr\u00f3nico, direcci\u00f3n de env\u00edo y datos de pago, con el fin de completar los pedidos y mejorar su experiencia. <\/h2>\t\t\t\t<\/div>\n\t\t\t\t\t<\/div>\n\t\t\t\t<\/div>\n\t\t<div class=\"elementor-element elementor-element-e08ed0e e-flex e-con-boxed e-con e-child\" data-id=\"e08ed0e\" data-element_type=\"container\" data-e-type=\"container\">\n\t\t\t\t\t<div class=\"e-con-inner\">\n\t\t\t\t<div class=\"elementor-element elementor-element-5f8cb25 elementor-widget elementor-widget-heading\" data-id=\"5f8cb25\" data-element_type=\"widget\" data-e-type=\"widget\" data-widget_type=\"heading.default\">\n\t\t\t\t\t<h2 class=\"elementor-heading-title elementor-size-default\">2. Recopilaci\u00f3n autom\u00e1tica de datos <\/h2>\t\t\t\t<\/div>\n\t\t\t\t<div class=\"elementor-element elementor-element-c8e2cce elementor-widget elementor-widget-heading\" data-id=\"c8e2cce\" data-element_type=\"widget\" data-e-type=\"widget\" data-widget_type=\"heading.default\">\n\t\t\t\t\t<h2 class=\"elementor-heading-title elementor-size-default\">Cuando navegas por nuestro sitio web, recopilamos autom\u00e1ticamente el tipo de dispositivo, la direcci\u00f3n IP, las p\u00e1ginas visitadas y la duraci\u00f3n de la sesi\u00f3n mediante cookies y tecnolog\u00edas similares para mejorar el rendimiento del sitio y la experiencia del usuario.<\/h2>\t\t\t\t<\/div>\n\t\t\t\t\t<\/div>\n\t\t\t\t<\/div>\n\t\t<div class=\"elementor-element elementor-element-ac3e847 e-flex e-con-boxed e-con e-child\" data-id=\"ac3e847\" data-element_type=\"container\" data-e-type=\"container\">\n\t\t\t\t\t<div class=\"e-con-inner\">\n\t\t\t\t<div class=\"elementor-element elementor-element-86f39dc elementor-widget elementor-widget-heading\" data-id=\"86f39dc\" data-element_type=\"widget\" data-e-type=\"widget\" data-widget_type=\"heading.default\">\n\t\t\t\t\t<h2 class=\"elementor-heading-title elementor-size-default\">3. Finalidad del uso<\/h2>\t\t\t\t<\/div>\n\t\t\t\t<div class=\"elementor-element elementor-element-1b14146 elementor-widget elementor-widget-heading\" data-id=\"1b14146\" data-element_type=\"widget\" data-e-type=\"widget\" data-widget_type=\"heading.default\">\n\t\t\t\t\t<h2 class=\"elementor-heading-title elementor-size-default\">Sus datos personales se utilizan \u00fanicamente para procesar pedidos, organizar entregas, enviar actualizaciones de env\u00edos, proporcionar servicio posventa y enviar contenido promocional con su consentimiento.<\/h2>\t\t\t\t<\/div>\n\t\t\t\t\t<\/div>\n\t\t\t\t<\/div>\n\t\t<div class=\"elementor-element elementor-element-eceeeee e-flex e-con-boxed e-con e-child\" data-id=\"eceeeee\" data-element_type=\"container\" data-e-type=\"container\">\n\t\t\t\t\t<div class=\"e-con-inner\">\n\t\t\t\t<div class=\"elementor-element elementor-element-d20efc4 elementor-widget elementor-widget-heading\" data-id=\"d20efc4\" data-element_type=\"widget\" data-e-type=\"widget\" data-widget_type=\"heading.default\">\n\t\t\t\t\t<h2 class=\"elementor-heading-title elementor-size-default\">4. Restricciones sobre el intercambio de informaci\u00f3n <\/h2>\t\t\t\t<\/div>\n\t\t\t\t<div class=\"elementor-element elementor-element-fd683d8 elementor-widget elementor-widget-heading\" data-id=\"fd683d8\" data-element_type=\"widget\" data-e-type=\"widget\" data-widget_type=\"heading.default\">\n\t\t\t\t\t<h2 class=\"elementor-heading-title elementor-size-default\">No vendemos ni alquilamos su informaci\u00f3n personal. Solo compartimos los datos necesarios con terceros de confianza, como socios log\u00edsticos y procesadores de pagos, bajo estrictas obligaciones de confidencialidad.<\/h2>\t\t\t\t<\/div>\n\t\t\t\t\t<\/div>\n\t\t\t\t<\/div>\n\t\t<div class=\"elementor-element elementor-element-7d6b8ca e-flex e-con-boxed e-con e-child\" data-id=\"7d6b8ca\" data-element_type=\"container\" data-e-type=\"container\">\n\t\t\t\t\t<div class=\"e-con-inner\">\n\t\t\t\t<div class=\"elementor-element elementor-element-26dd654 elementor-widget elementor-widget-heading\" data-id=\"26dd654\" data-element_type=\"widget\" data-e-type=\"widget\" data-widget_type=\"heading.default\">\n\t\t\t\t\t<h2 class=\"elementor-heading-title elementor-size-default\">5. Medidas de seguridad<\/h2>\t\t\t\t<\/div>\n\t\t\t\t<div class=\"elementor-element elementor-element-36ec28d elementor-widget elementor-widget-heading\" data-id=\"36ec28d\" data-element_type=\"widget\" data-e-type=\"widget\" data-widget_type=\"heading.default\">\n\t\t\t\t\t<h2 class=\"elementor-heading-title elementor-size-default\">Implementamos medidas est\u00e1ndar del sector, como cifrado SSL, cortafuegos y controles de acceso, para proteger sus datos contra el acceso no autorizado, la divulgaci\u00f3n o la p\u00e9rdida.<\/h2>\t\t\t\t<\/div>\n\t\t\t\t\t<\/div>\n\t\t\t\t<\/div>\n\t\t<div class=\"elementor-element elementor-element-565c988 e-flex e-con-boxed e-con e-child\" data-id=\"565c988\" data-element_type=\"container\" data-e-type=\"container\">\n\t\t\t\t\t<div class=\"e-con-inner\">\n\t\t\t\t<div class=\"elementor-element elementor-element-71d0049 elementor-widget elementor-widget-heading\" data-id=\"71d0049\" data-element_type=\"widget\" data-e-type=\"widget\" data-widget_type=\"heading.default\">\n\t\t\t\t\t<h2 class=\"elementor-heading-title elementor-size-default\">6. Uso de cookies<\/h2>\t\t\t\t<\/div>\n\t\t\t\t<div class=\"elementor-element elementor-element-8cf9ad6 elementor-widget elementor-widget-heading\" data-id=\"8cf9ad6\" data-element_type=\"widget\" data-e-type=\"widget\" data-widget_type=\"heading.default\">\n\t\t\t\t\t<h2 class=\"elementor-heading-title elementor-size-default\">Este sitio web utiliza cookies para mejorar su funcionalidad y personalizar su experiencia. Puede desactivar las cookies a trav\u00e9s de la configuraci\u00f3n del navegador, aunque es posible que algunas funciones no funcionen correctamente.<\/h2>\t\t\t\t<\/div>\n\t\t\t\t\t<\/div>\n\t\t\t\t<\/div>\n\t\t<div class=\"elementor-element elementor-element-84b644f e-flex e-con-boxed e-con e-child\" data-id=\"84b644f\" data-element_type=\"container\" data-e-type=\"container\">\n\t\t\t\t\t<div class=\"e-con-inner\">\n\t\t\t\t<div class=\"elementor-element elementor-element-d8406da elementor-widget elementor-widget-heading\" data-id=\"d8406da\" data-element_type=\"widget\" data-e-type=\"widget\" data-widget_type=\"heading.default\">\n\t\t\t\t\t<h2 class=\"elementor-heading-title elementor-size-default\">7. Sus derechos<\/h2>\t\t\t\t<\/div>\n\t\t\t\t<div class=\"elementor-element elementor-element-0bc05ea elementor-widget elementor-widget-heading\" data-id=\"0bc05ea\" data-element_type=\"widget\" data-e-type=\"widget\" data-widget_type=\"heading.default\">\n\t\t\t\t\t<h2 class=\"elementor-heading-title elementor-size-default\">Tienes derecho a acceder, corregir, eliminar tus datos personales o retirar tu consentimiento de marketing en cualquier momento poni\u00e9ndote en contacto con nuestro equipo de atenci\u00f3n al cliente.<\/h2>\t\t\t\t<\/div>\n\t\t\t\t\t<\/div>\n\t\t\t\t<\/div>\n\t\t<div class=\"elementor-element elementor-element-0983bbb e-flex e-con-boxed e-con e-child\" data-id=\"0983bbb\" data-element_type=\"container\" data-e-type=\"container\">\n\t\t\t\t\t<div class=\"e-con-inner\">\n\t\t\t\t<div class=\"elementor-element elementor-element-feb425f elementor-widget elementor-widget-heading\" data-id=\"feb425f\" data-element_type=\"widget\" data-e-type=\"widget\" data-widget_type=\"heading.default\">\n\t\t\t\t\t<h2 class=\"elementor-heading-title elementor-size-default\">8. Protecci\u00f3n de menores<\/h2>\t\t\t\t<\/div>\n\t\t\t\t<div class=\"elementor-element elementor-element-36dafb8 elementor-widget elementor-widget-heading\" data-id=\"36dafb8\" data-element_type=\"widget\" data-e-type=\"widget\" data-widget_type=\"heading.default\">\n\t\t\t\t\t<h2 class=\"elementor-heading-title elementor-size-default\">Nuestros servicios no est\u00e1n destinados a personas menores de 14 a\u00f1os. Si recopilamos dichos datos de forma involuntaria, los eliminaremos de inmediato.<\/h2>\t\t\t\t<\/div>\n\t\t\t\t\t<\/div>\n\t\t\t\t<\/div>\n\t\t<div class=\"elementor-element elementor-element-9ec5eaa e-flex e-con-boxed e-con e-child\" data-id=\"9ec5eaa\" data-element_type=\"container\" data-e-type=\"container\">\n\t\t\t\t\t<div class=\"e-con-inner\">\n\t\t\t\t<div class=\"elementor-element elementor-element-119bb77 elementor-widget elementor-widget-heading\" data-id=\"119bb77\" data-element_type=\"widget\" data-e-type=\"widget\" data-widget_type=\"heading.default\">\n\t\t\t\t\t<h2 class=\"elementor-heading-title elementor-size-default\">9. Enlaces de terceros<\/h2>\t\t\t\t<\/div>\n\t\t\t\t<div class=\"elementor-element elementor-element-2869934 elementor-widget elementor-widget-heading\" data-id=\"2869934\" data-element_type=\"widget\" data-e-type=\"widget\" data-widget_type=\"heading.default\">\n\t\t\t\t\t<h2 class=\"elementor-heading-title elementor-size-default\">Nuestro sitio web puede contener enlaces a sitios de terceros cuyas pr\u00e1cticas de privacidad est\u00e1n fuera de nuestro control. Por favor, revise sus pol\u00edticas de forma independiente.<\/h2>\t\t\t\t<\/div>\n\t\t\t\t\t<\/div>\n\t\t\t\t<\/div>\n\t\t<div class=\"elementor-element elementor-element-015c827 e-flex e-con-boxed e-con e-child\" data-id=\"015c827\" data-element_type=\"container\" data-e-type=\"container\">\n\t\t\t\t\t<div class=\"e-con-inner\">\n\t\t\t\t<div class=\"elementor-element elementor-element-a2128f1 elementor-widget elementor-widget-heading\" data-id=\"a2128f1\" data-element_type=\"widget\" data-e-type=\"widget\" data-widget_type=\"heading.default\">\n\t\t\t\t\t<h2 class=\"elementor-heading-title elementor-size-default\">10. Actualizaciones de pol\u00edticas<\/h2>\t\t\t\t<\/div>\n\t\t\t\t<div class=\"elementor-element elementor-element-372a872 elementor-widget elementor-widget-heading\" data-id=\"372a872\" data-element_type=\"widget\" data-e-type=\"widget\" data-widget_type=\"heading.default\">\n\t\t\t\t\t<h2 class=\"elementor-heading-title elementor-size-default\">Esta Pol\u00edtica de Privacidad puede actualizarse peri\u00f3dicamente. Las versiones revisadas se publicar\u00e1n en nuestro sitio web, y el uso continuado implica la aceptaci\u00f3n de los cambios.<\/h2>\t\t\t\t<\/div>\n\t\t\t\t\t<\/div>\n\t\t\t\t<\/div>\n\t\t\t\t\t<\/div>\n\t\t\t\t<\/div>\n\t\t\t\t<\/div>","protected":false},"excerpt":{"rendered":"<p>Privacy Policy 1. Information We Collect We collect personal information you provide during registration, checkout, or customer service inquiries\u2014including name, phone number, email, shipping address, and payment details\u2014to fulfill orders and support your experience. 2.Automatic Data Collection When you browse our site, we automatically collect device type, IP address, pages visited, and session duration via [&hellip;]<\/p>\n","protected":false},"author":1,"featured_media":0,"parent":0,"menu_order":0,"comment_status":"closed","ping_status":"open","template":"","meta":{"_acf_changed":false,"footnotes":""},"class_list":["post-3","page","type-page","status-publish","hentry"],"blocksy_meta":[],"acf":[],"_links":{"self":[{"href":"https:\/\/sunriselaws.com\/es\/wp-json\/wp\/v2\/pages\/3","targetHints":{"allow":["GET"]}}],"collection":[{"href":"https:\/\/sunriselaws.com\/es\/wp-json\/wp\/v2\/pages"}],"about":[{"href":"https:\/\/sunriselaws.com\/es\/wp-json\/wp\/v2\/types\/page"}],"author":[{"embeddable":true,"href":"https:\/\/sunriselaws.com\/es\/wp-json\/wp\/v2\/users\/1"}],"replies":[{"embeddable":true,"href":"https:\/\/sunriselaws.com\/es\/wp-json\/wp\/v2\/comments?post=3"}],"version-history":[{"count":69,"href":"https:\/\/sunriselaws.com\/es\/wp-json\/wp\/v2\/pages\/3\/revisions"}],"predecessor-version":[{"id":3489,"href":"https:\/\/sunriselaws.com\/es\/wp-json\/wp\/v2\/pages\/3\/revisions\/3489"}],"wp:attachment":[{"href":"https:\/\/sunriselaws.com\/es\/wp-json\/wp\/v2\/media?parent=3"}],"curies":[{"name":"wp","href":"https:\/\/api.w.org\/{rel}","templated":true}]}}