{"id":856,"date":"2026-01-12T15:33:06","date_gmt":"2026-01-12T15:33:06","guid":{"rendered":"https:\/\/sunriselaw-beta.uptooto.tech\/?page_id=856"},"modified":"2026-01-20T06:12:50","modified_gmt":"2026-01-20T06:12:50","slug":"terms-conditions","status":"publish","type":"page","link":"https:\/\/sunriselaws.com\/es\/terms-conditions\/","title":{"rendered":"T\u00e9rminos y condiciones"},"content":{"rendered":"<div data-elementor-type=\"wp-page\" data-elementor-id=\"856\" class=\"elementor elementor-856\" data-elementor-post-type=\"page\">\n\t\t\t\t<div class=\"elementor-element elementor-element-d887299 e-flex e-con-boxed e-con e-parent\" data-id=\"d887299\" data-element_type=\"container\" data-e-type=\"container\" data-settings=\"{&quot;background_background&quot;:&quot;classic&quot;}\">\n\t\t\t\t\t<div class=\"e-con-inner\">\n\t\t<div class=\"elementor-element elementor-element-321bec6 e-flex e-con-boxed e-con e-child\" data-id=\"321bec6\" data-element_type=\"container\" data-e-type=\"container\" data-settings=\"{&quot;background_background&quot;:&quot;classic&quot;}\">\n\t\t\t\t\t<div class=\"e-con-inner\">\n\t\t\t\t<div class=\"elementor-element elementor-element-64bdd17 elementor-invisible elementor-widget elementor-widget-heading\" data-id=\"64bdd17\" data-element_type=\"widget\" data-e-type=\"widget\" data-settings=\"{&quot;_animation&quot;:&quot;fadeInLeft&quot;}\" data-widget_type=\"heading.default\">\n\t\t\t\t\t<h2 class=\"elementor-heading-title elementor-size-default\">T\u00e9rminos y condiciones<\/h2>\t\t\t\t<\/div>\n\t\t\t\t\t<\/div>\n\t\t\t\t<\/div>\n\t\t\t\t\t<\/div>\n\t\t\t\t<\/div>\n\t\t<div class=\"elementor-element elementor-element-0bb7135 e-flex e-con-boxed e-con e-parent\" data-id=\"0bb7135\" data-element_type=\"container\" data-e-type=\"container\">\n\t\t\t\t\t<div class=\"e-con-inner\">\n\t\t<div class=\"elementor-element elementor-element-cbe9940 e-flex e-con-boxed e-con e-child\" data-id=\"cbe9940\" data-element_type=\"container\" data-e-type=\"container\">\n\t\t\t\t\t<div class=\"e-con-inner\">\n\t\t\t\t<div class=\"elementor-element elementor-element-26c137c elementor-widget elementor-widget-heading\" data-id=\"26c137c\" data-element_type=\"widget\" data-e-type=\"widget\" data-widget_type=\"heading.default\">\n\t\t\t\t\t<h2 class=\"elementor-heading-title elementor-size-default\">1. Aceptaci\u00f3n de los t\u00e9rminos<\/h2>\t\t\t\t<\/div>\n\t\t\t\t<div class=\"elementor-element elementor-element-7b7d9d2 elementor-widget elementor-widget-heading\" data-id=\"7b7d9d2\" data-element_type=\"widget\" data-e-type=\"widget\" data-widget_type=\"heading.default\">\n\t\t\t\t\t<h2 class=\"elementor-heading-title elementor-size-default\">Al acceder o utilizar este sitio web, usted acepta quedar vinculado por los siguientes T\u00e9rminos y condiciones. Si no est\u00e1 de acuerdo con alguna parte de estos t\u00e9rminos, le rogamos que deje de utilizar inmediatamente el sitio web y todos los servicios asociados.<\/h2>\t\t\t\t<\/div>\n\t\t\t\t\t<\/div>\n\t\t\t\t<\/div>\n\t\t<div class=\"elementor-element elementor-element-c068e73 e-con-full e-flex e-con e-child\" data-id=\"c068e73\" data-element_type=\"container\" data-e-type=\"container\">\n\t\t\t\t<div class=\"elementor-element elementor-element-1bd07b4 elementor-widget elementor-widget-heading\" data-id=\"1bd07b4\" data-element_type=\"widget\" data-e-type=\"widget\" data-widget_type=\"heading.default\">\n\t\t\t\t\t<h2 class=\"elementor-heading-title elementor-size-default\">2. Objetivo del sitio web<\/h2>\t\t\t\t<\/div>\n\t\t\t\t<div class=\"elementor-element elementor-element-5171e91 elementor-widget elementor-widget-heading\" data-id=\"5171e91\" data-element_type=\"widget\" data-e-type=\"widget\" data-widget_type=\"heading.default\">\n\t\t\t\t\t<h2 class=\"elementor-heading-title elementor-size-default\">Este sitio web est\u00e1 destinado exclusivamente al uso personal y no comercial, con el fin de proporcionar informaci\u00f3n sobre nuestra ropa de hombre de alta calidad y facilitar las compras en l\u00ednea. El contenido no puede utilizarse para la reventa, la promoci\u00f3n comercial ni ninguna actividad lucrativa sin autorizaci\u00f3n previa por escrito.<\/h2>\t\t\t\t<\/div>\n\t\t\t\t<\/div>\n\t\t<div class=\"elementor-element elementor-element-6cc68a4 e-flex e-con-boxed e-con e-child\" data-id=\"6cc68a4\" data-element_type=\"container\" data-e-type=\"container\">\n\t\t\t\t\t<div class=\"e-con-inner\">\n\t\t\t\t<div class=\"elementor-element elementor-element-9b406f4 elementor-widget elementor-widget-heading\" data-id=\"9b406f4\" data-element_type=\"widget\" data-e-type=\"widget\" data-widget_type=\"heading.default\">\n\t\t\t\t\t<h2 class=\"elementor-heading-title elementor-size-default\">3. Registro de cuenta y responsabilidad<\/h2>\t\t\t\t<\/div>\n\t\t\t\t<div class=\"elementor-element elementor-element-22d705a elementor-widget elementor-widget-heading\" data-id=\"22d705a\" data-element_type=\"widget\" data-e-type=\"widget\" data-widget_type=\"heading.default\">\n\t\t\t\t\t<h2 class=\"elementor-heading-title elementor-size-default\">Si registra una cuenta, debe asegurarse de que toda la informaci\u00f3n proporcionada, incluyendo su nombre, direcci\u00f3n de correo electr\u00f3nico y datos de contacto, sea precisa, actualizada y veraz. Usted es totalmente responsable de todas las actividades y pedidos realizados con su cuenta y debe mantener su contrase\u00f1a segura.<\/h2>\t\t\t\t<\/div>\n\t\t\t\t\t<\/div>\n\t\t\t\t<\/div>\n\t\t<div class=\"elementor-element elementor-element-b064561 e-flex e-con-boxed e-con e-child\" data-id=\"b064561\" data-element_type=\"container\" data-e-type=\"container\">\n\t\t\t\t\t<div class=\"e-con-inner\">\n\t\t\t\t<div class=\"elementor-element elementor-element-b319984 elementor-widget elementor-widget-heading\" data-id=\"b319984\" data-element_type=\"widget\" data-e-type=\"widget\" data-widget_type=\"heading.default\">\n\t\t\t\t\t<h2 class=\"elementor-heading-title elementor-size-default\">4. Informaci\u00f3n sobre el producto y precios<\/h2>\t\t\t\t<\/div>\n\t\t\t\t<div class=\"elementor-element elementor-element-68492ed elementor-widget elementor-widget-heading\" data-id=\"68492ed\" data-element_type=\"widget\" data-e-type=\"widget\" data-widget_type=\"heading.default\">\n\t\t\t\t\t<h2 class=\"elementor-heading-title elementor-size-default\">Nos esforzamos por garantizar la exactitud de las descripciones de los productos, las im\u00e1genes, las gu\u00edas de tallas y los precios, pero no garantizamos su absoluta correcci\u00f3n. Los precios y la disponibilidad de existencias est\u00e1n sujetos a cambios sin previo aviso. En caso de que se produzca un error evidente en el precio debido a un mal funcionamiento del sistema, nos reservamos el derecho a cancelar el pedido.<\/h2>\t\t\t\t<\/div>\n\t\t\t\t\t<\/div>\n\t\t\t\t<\/div>\n\t\t<div class=\"elementor-element elementor-element-804b94b e-flex e-con-boxed e-con e-child\" data-id=\"804b94b\" data-element_type=\"container\" data-e-type=\"container\">\n\t\t\t\t\t<div class=\"e-con-inner\">\n\t\t\t\t<div class=\"elementor-element elementor-element-e460c21 elementor-widget elementor-widget-heading\" data-id=\"e460c21\" data-element_type=\"widget\" data-e-type=\"widget\" data-widget_type=\"heading.default\">\n\t\t\t\t\t<h2 class=\"elementor-heading-title elementor-size-default\">5. Confirmaci\u00f3n del pedido y pago<\/h2>\t\t\t\t<\/div>\n\t\t\t\t<div class=\"elementor-element elementor-element-abd81f9 elementor-widget elementor-widget-heading\" data-id=\"abd81f9\" data-element_type=\"widget\" data-e-type=\"widget\" data-widget_type=\"heading.default\">\n\t\t\t\t\t<h2 class=\"elementor-heading-title elementor-size-default\">Al realizar un pedido, usted confirma que tiene al menos 18 a\u00f1os de edad y nos autoriza a cobrarle mediante el m\u00e9todo de pago seleccionado. Todos los pedidos est\u00e1n sujetos a verificaci\u00f3n y aceptaci\u00f3n por nuestra parte. Nos reservamos el derecho a rechazar o cancelar pedidos si se sospecha de fraude, la informaci\u00f3n es inexacta o los art\u00edculos est\u00e1n agotados.<\/h2>\t\t\t\t<\/div>\n\t\t\t\t\t<\/div>\n\t\t\t\t<\/div>\n\t\t<div class=\"elementor-element elementor-element-198012a e-flex e-con-boxed e-con e-child\" data-id=\"198012a\" data-element_type=\"container\" data-e-type=\"container\">\n\t\t\t\t\t<div class=\"e-con-inner\">\n\t\t\t\t<div class=\"elementor-element elementor-element-4fe703f elementor-widget elementor-widget-heading\" data-id=\"4fe703f\" data-element_type=\"widget\" data-e-type=\"widget\" data-widget_type=\"heading.default\">\n\t\t\t\t\t<h2 class=\"elementor-heading-title elementor-size-default\">6. Propiedad intelectual<\/h2>\t\t\t\t<\/div>\n\t\t\t\t<div class=\"elementor-element elementor-element-20a878e elementor-widget elementor-widget-heading\" data-id=\"20a878e\" data-element_type=\"widget\" data-e-type=\"widget\" data-widget_type=\"heading.default\">\n\t\t\t\t\t<h2 class=\"elementor-heading-title elementor-size-default\">Todo el contenido de este sitio web, incluyendo textos, im\u00e1genes, logotipos, dise\u00f1os, maquetaciones y software, es propiedad exclusiva de nuestra empresa o de sus licenciantes y est\u00e1 protegido por derechos de autor, marcas registradas y otras leyes de propiedad intelectual. Queda estrictamente prohibida su reproducci\u00f3n, modificaci\u00f3n, distribuci\u00f3n o uso comercial sin permiso previo por escrito.<\/h2>\t\t\t\t<\/div>\n\t\t\t\t\t<\/div>\n\t\t\t\t<\/div>\n\t\t<div class=\"elementor-element elementor-element-2c86f88 e-flex e-con-boxed e-con e-child\" data-id=\"2c86f88\" data-element_type=\"container\" data-e-type=\"container\">\n\t\t\t\t\t<div class=\"e-con-inner\">\n\t\t\t\t<div class=\"elementor-element elementor-element-2088325 elementor-widget elementor-widget-heading\" data-id=\"2088325\" data-element_type=\"widget\" data-e-type=\"widget\" data-widget_type=\"heading.default\">\n\t\t\t\t\t<h2 class=\"elementor-heading-title elementor-size-default\">7. Exenci\u00f3n de responsabilidad de garant\u00edas<\/h2>\t\t\t\t<\/div>\n\t\t\t\t<div class=\"elementor-element elementor-element-7af53ee elementor-widget elementor-widget-heading\" data-id=\"7af53ee\" data-element_type=\"widget\" data-e-type=\"widget\" data-widget_type=\"heading.default\">\n\t\t\t\t\t<h2 class=\"elementor-heading-title elementor-size-default\">El sitio web se proporciona \u201ctal cual\u201d, sin garant\u00edas expresas o impl\u00edcitas de ning\u00fan tipo, incluyendo, entre otras, la comerciabilidad, la idoneidad para un fin determinado o la ausencia de virus. El uso del sitio es bajo su propio riesgo.<\/h2>\t\t\t\t<\/div>\n\t\t\t\t\t<\/div>\n\t\t\t\t<\/div>\n\t\t<div class=\"elementor-element elementor-element-e5af257 e-flex e-con-boxed e-con e-child\" data-id=\"e5af257\" data-element_type=\"container\" data-e-type=\"container\">\n\t\t\t\t\t<div class=\"e-con-inner\">\n\t\t\t\t<div class=\"elementor-element elementor-element-624287f elementor-widget elementor-widget-heading\" data-id=\"624287f\" data-element_type=\"widget\" data-e-type=\"widget\" data-widget_type=\"heading.default\">\n\t\t\t\t\t<h2 class=\"elementor-heading-title elementor-size-default\">8. Indemnizaci\u00f3n<\/h2>\t\t\t\t<\/div>\n\t\t\t\t<div class=\"elementor-element elementor-element-b88b3c7 elementor-widget elementor-widget-heading\" data-id=\"b88b3c7\" data-element_type=\"widget\" data-e-type=\"widget\" data-widget_type=\"heading.default\">\n\t\t\t\t\t<h2 class=\"elementor-heading-title elementor-size-default\">Usted acepta indemnizar y eximir de responsabilidad a nuestra empresa y sus afiliados por cualquier reclamaci\u00f3n, p\u00e9rdida, da\u00f1o, responsabilidad o gasto (incluidos los honorarios razonables de abogados) que se deriven del incumplimiento de estas condiciones, el uso indebido del sitio web o la violaci\u00f3n de los derechos de terceros.<\/h2>\t\t\t\t<\/div>\n\t\t\t\t\t<\/div>\n\t\t\t\t<\/div>\n\t\t<div class=\"elementor-element elementor-element-c8048c2 e-flex e-con-boxed e-con e-child\" data-id=\"c8048c2\" data-element_type=\"container\" data-e-type=\"container\">\n\t\t\t\t\t<div class=\"e-con-inner\">\n\t\t\t\t<div class=\"elementor-element elementor-element-8893d5f elementor-widget elementor-widget-heading\" data-id=\"8893d5f\" data-element_type=\"widget\" data-e-type=\"widget\" data-widget_type=\"heading.default\">\n\t\t\t\t\t<h2 class=\"elementor-heading-title elementor-size-default\">9. Legislaci\u00f3n aplicable y resoluci\u00f3n de disputas <\/h2>\t\t\t\t<\/div>\n\t\t\t\t<div class=\"elementor-element elementor-element-dc4fab3 elementor-widget elementor-widget-heading\" data-id=\"dc4fab3\" data-element_type=\"widget\" data-e-type=\"widget\" data-widget_type=\"heading.default\">\n\t\t\t\t\t<h2 class=\"elementor-heading-title elementor-size-default\">Estos T\u00e9rminos se regir\u00e1n e interpretar\u00e1n de conformidad con las leyes de la Rep\u00fablica Popular China. Cualquier controversia que surja de o en relaci\u00f3n con estos T\u00e9rminos o con el uso que usted haga del sitio web se resolver\u00e1 en primer lugar mediante negociaci\u00f3n amistosa. Si no se llega a una resoluci\u00f3n, la controversia se someter\u00e1 al tribunal popular competente de Shangh\u00e1i para su resoluci\u00f3n judicial.<\/h2>\t\t\t\t<\/div>\n\t\t\t\t\t<\/div>\n\t\t\t\t<\/div>\n\t\t<div class=\"elementor-element elementor-element-14980a8 e-flex e-con-boxed e-con e-child\" data-id=\"14980a8\" data-element_type=\"container\" data-e-type=\"container\">\n\t\t\t\t\t<div class=\"e-con-inner\">\n\t\t\t\t<div class=\"elementor-element elementor-element-3e467de elementor-widget elementor-widget-heading\" data-id=\"3e467de\" data-element_type=\"widget\" data-e-type=\"widget\" data-widget_type=\"heading.default\">\n\t\t\t\t\t<h2 class=\"elementor-heading-title elementor-size-default\">10. Modificaciones de los T\u00e9rminos<\/h2>\t\t\t\t<\/div>\n\t\t\t\t<div class=\"elementor-element elementor-element-469008d elementor-widget elementor-widget-heading\" data-id=\"469008d\" data-element_type=\"widget\" data-e-type=\"widget\" data-widget_type=\"heading.default\">\n\t\t\t\t\t<h2 class=\"elementor-heading-title elementor-size-default\">Nos reservamos el derecho de actualizar o modificar estos T\u00e9rminos en cualquier momento. Los t\u00e9rminos revisados entrar\u00e1n en vigor inmediatamente despu\u00e9s de su publicaci\u00f3n en el sitio web. El uso continuado del sitio implica la aceptaci\u00f3n de la versi\u00f3n actualizada. Le recomendamos que revise esta p\u00e1gina peri\u00f3dicamente para conocer los cambios.<\/h2>\t\t\t\t<\/div>\n\t\t\t\t\t<\/div>\n\t\t\t\t<\/div>\n\t\t\t\t\t<\/div>\n\t\t\t\t<\/div>\n\t\t\t\t<\/div>","protected":false},"excerpt":{"rendered":"<p>Terms &amp; Conditions 1. Acceptance of Terms By accessing or using this website, you agree to be bound by the following Terms and Conditions. If you do not agree with any part of these terms, please immediately discontinue use of the website and all associated services. 2. Website Purpose This website is intended solely for [&hellip;]<\/p>\n","protected":false},"author":1,"featured_media":0,"parent":0,"menu_order":0,"comment_status":"closed","ping_status":"closed","template":"","meta":{"_acf_changed":false,"footnotes":""},"class_list":["post-856","page","type-page","status-publish","hentry"],"blocksy_meta":[],"acf":[],"_links":{"self":[{"href":"https:\/\/sunriselaws.com\/es\/wp-json\/wp\/v2\/pages\/856","targetHints":{"allow":["GET"]}}],"collection":[{"href":"https:\/\/sunriselaws.com\/es\/wp-json\/wp\/v2\/pages"}],"about":[{"href":"https:\/\/sunriselaws.com\/es\/wp-json\/wp\/v2\/types\/page"}],"author":[{"embeddable":true,"href":"https:\/\/sunriselaws.com\/es\/wp-json\/wp\/v2\/users\/1"}],"replies":[{"embeddable":true,"href":"https:\/\/sunriselaws.com\/es\/wp-json\/wp\/v2\/comments?post=856"}],"version-history":[{"count":34,"href":"https:\/\/sunriselaws.com\/es\/wp-json\/wp\/v2\/pages\/856\/revisions"}],"predecessor-version":[{"id":3492,"href":"https:\/\/sunriselaws.com\/es\/wp-json\/wp\/v2\/pages\/856\/revisions\/3492"}],"wp:attachment":[{"href":"https:\/\/sunriselaws.com\/es\/wp-json\/wp\/v2\/media?parent=856"}],"curies":[{"name":"wp","href":"https:\/\/api.w.org\/{rel}","templated":true}]}}